{"id":114,"date":"2021-05-23T17:23:27","date_gmt":"2021-05-23T17:23:27","guid":{"rendered":"https:\/\/2021.bossajazzfestival.com\/?page_id=114"},"modified":"2021-05-31T21:59:09","modified_gmt":"2021-05-31T21:59:09","slug":"lineup","status":"publish","type":"page","link":"https:\/\/2021.bossajazzfestival.com\/?page_id=114","title":{"rendered":"Bossa jazz 2021"},"content":{"rendered":"\n<p><\/p>\n\n\n\n<p>SAMBA DE VANNESLUOMA, M\u00c4ENSIVU &amp; LEPE TRIO<\/p>\n\n\n\n<figure class=\"wp-block-image size-large\"><img loading=\"lazy\" decoding=\"async\" width=\"1024\" height=\"724\" src=\"https:\/\/2021.bossajazzfestival.com\/wp-content\/uploads\/2021\/05\/Vannesluoma_-Maensivu_Lepe3-1024x724.jpg\" alt=\"\" class=\"wp-image-88\" srcset=\"https:\/\/2021.bossajazzfestival.com\/wp-content\/uploads\/2021\/05\/Vannesluoma_-Maensivu_Lepe3-1024x724.jpg 1024w, https:\/\/2021.bossajazzfestival.com\/wp-content\/uploads\/2021\/05\/Vannesluoma_-Maensivu_Lepe3-416x294.jpg 416w, https:\/\/2021.bossajazzfestival.com\/wp-content\/uploads\/2021\/05\/Vannesluoma_-Maensivu_Lepe3-300x212.jpg 300w, https:\/\/2021.bossajazzfestival.com\/wp-content\/uploads\/2021\/05\/Vannesluoma_-Maensivu_Lepe3-768x543.jpg 768w, https:\/\/2021.bossajazzfestival.com\/wp-content\/uploads\/2021\/05\/Vannesluoma_-Maensivu_Lepe3.jpg 1280w\" sizes=\"auto, (max-width: 1024px) 100vw, 1024px\" \/><\/figure>\n\n\n\n<p>ERIK S\u00d6DERLIND TRIO<\/p>\n\n\n\n<figure class=\"wp-block-gallery columns-3 is-cropped wp-block-gallery-1 is-layout-flex wp-block-gallery-is-layout-flex\"><ul class=\"blocks-gallery-grid\"><li class=\"blocks-gallery-item\"><figure><img loading=\"lazy\" decoding=\"async\" width=\"1024\" height=\"682\" src=\"https:\/\/2021.bossajazzfestival.com\/wp-content\/uploads\/2021\/05\/erik-1-1-1024x682.jpg\" alt=\"\" data-id=\"117\" data-full-url=\"https:\/\/2021.bossajazzfestival.com\/wp-content\/uploads\/2021\/05\/erik-1-1.jpg\" data-link=\"https:\/\/2021.bossajazzfestival.com\/?attachment_id=117\" class=\"wp-image-117\" srcset=\"https:\/\/2021.bossajazzfestival.com\/wp-content\/uploads\/2021\/05\/erik-1-1-1024x682.jpg 1024w, https:\/\/2021.bossajazzfestival.com\/wp-content\/uploads\/2021\/05\/erik-1-1-416x277.jpg 416w, https:\/\/2021.bossajazzfestival.com\/wp-content\/uploads\/2021\/05\/erik-1-1-300x200.jpg 300w, https:\/\/2021.bossajazzfestival.com\/wp-content\/uploads\/2021\/05\/erik-1-1-768x511.jpg 768w, https:\/\/2021.bossajazzfestival.com\/wp-content\/uploads\/2021\/05\/erik-1-1.jpg 1280w\" sizes=\"auto, (max-width: 1024px) 100vw, 1024px\" \/><\/figure><\/li><li class=\"blocks-gallery-item\"><figure><img loading=\"lazy\" decoding=\"async\" width=\"1024\" height=\"682\" src=\"https:\/\/2021.bossajazzfestival.com\/wp-content\/uploads\/2021\/05\/erik-svart-bild-1-1024x682.jpg\" alt=\"\" data-id=\"118\" data-full-url=\"https:\/\/2021.bossajazzfestival.com\/wp-content\/uploads\/2021\/05\/erik-svart-bild-1.jpg\" data-link=\"https:\/\/2021.bossajazzfestival.com\/?attachment_id=118\" class=\"wp-image-118\" srcset=\"https:\/\/2021.bossajazzfestival.com\/wp-content\/uploads\/2021\/05\/erik-svart-bild-1-1024x682.jpg 1024w, https:\/\/2021.bossajazzfestival.com\/wp-content\/uploads\/2021\/05\/erik-svart-bild-1-416x277.jpg 416w, https:\/\/2021.bossajazzfestival.com\/wp-content\/uploads\/2021\/05\/erik-svart-bild-1-300x200.jpg 300w, https:\/\/2021.bossajazzfestival.com\/wp-content\/uploads\/2021\/05\/erik-svart-bild-1-768x511.jpg 768w, https:\/\/2021.bossajazzfestival.com\/wp-content\/uploads\/2021\/05\/erik-svart-bild-1.jpg 1280w\" sizes=\"auto, (max-width: 1024px) 100vw, 1024px\" \/><\/figure><\/li><li class=\"blocks-gallery-item\"><figure><img loading=\"lazy\" decoding=\"async\" width=\"1024\" height=\"720\" src=\"https:\/\/2021.bossajazzfestival.com\/wp-content\/uploads\/2021\/05\/Erik_Soderlind_48-2-1024x720.jpg\" alt=\"\" data-id=\"119\" data-full-url=\"https:\/\/2021.bossajazzfestival.com\/wp-content\/uploads\/2021\/05\/Erik_Soderlind_48-2-scaled.jpg\" data-link=\"https:\/\/2021.bossajazzfestival.com\/?attachment_id=119\" class=\"wp-image-119\" srcset=\"https:\/\/2021.bossajazzfestival.com\/wp-content\/uploads\/2021\/05\/Erik_Soderlind_48-2-1024x720.jpg 1024w, https:\/\/2021.bossajazzfestival.com\/wp-content\/uploads\/2021\/05\/Erik_Soderlind_48-2-scaled-416x292.jpg 416w, https:\/\/2021.bossajazzfestival.com\/wp-content\/uploads\/2021\/05\/Erik_Soderlind_48-2-300x211.jpg 300w, https:\/\/2021.bossajazzfestival.com\/wp-content\/uploads\/2021\/05\/Erik_Soderlind_48-2-768x540.jpg 768w, https:\/\/2021.bossajazzfestival.com\/wp-content\/uploads\/2021\/05\/Erik_Soderlind_48-2-1536x1080.jpg 1536w, https:\/\/2021.bossajazzfestival.com\/wp-content\/uploads\/2021\/05\/Erik_Soderlind_48-2-2048x1439.jpg 2048w\" sizes=\"auto, (max-width: 1024px) 100vw, 1024px\" \/><\/figure><\/li><li class=\"blocks-gallery-item\"><figure><img loading=\"lazy\" decoding=\"async\" width=\"1024\" height=\"680\" src=\"https:\/\/2021.bossajazzfestival.com\/wp-content\/uploads\/2021\/05\/thumbnail_2012-08-10-21-13-46-2-1-1024x680.jpg\" alt=\"\" data-id=\"120\" data-full-url=\"https:\/\/2021.bossajazzfestival.com\/wp-content\/uploads\/2021\/05\/thumbnail_2012-08-10-21-13-46-2-1.jpg\" data-link=\"https:\/\/2021.bossajazzfestival.com\/?attachment_id=120\" class=\"wp-image-120\" srcset=\"https:\/\/2021.bossajazzfestival.com\/wp-content\/uploads\/2021\/05\/thumbnail_2012-08-10-21-13-46-2-1-1024x680.jpg 1024w, https:\/\/2021.bossajazzfestival.com\/wp-content\/uploads\/2021\/05\/thumbnail_2012-08-10-21-13-46-2-1-416x276.jpg 416w, https:\/\/2021.bossajazzfestival.com\/wp-content\/uploads\/2021\/05\/thumbnail_2012-08-10-21-13-46-2-1-300x199.jpg 300w, https:\/\/2021.bossajazzfestival.com\/wp-content\/uploads\/2021\/05\/thumbnail_2012-08-10-21-13-46-2-1-768x510.jpg 768w, https:\/\/2021.bossajazzfestival.com\/wp-content\/uploads\/2021\/05\/thumbnail_2012-08-10-21-13-46-2-1.jpg 1280w\" sizes=\"auto, (max-width: 1024px) 100vw, 1024px\" \/><\/figure><\/li><\/ul><figcaption class=\"blocks-gallery-caption\">Erik S\u00f6derlind<\/figcaption><\/figure>\n\n\n\n<figure class=\"wp-block-image\"><img loading=\"lazy\" decoding=\"async\" width=\"1024\" height=\"720\" src=\"https:\/\/2021.bossajazzfestival.com\/wp-content\/uploads\/2021\/05\/Erik_Soderlind_48-1-1024x720.jpg\" alt=\"\" class=\"wp-image-115\" srcset=\"https:\/\/2021.bossajazzfestival.com\/wp-content\/uploads\/2021\/05\/Erik_Soderlind_48-1-1024x720.jpg 1024w, https:\/\/2021.bossajazzfestival.com\/wp-content\/uploads\/2021\/05\/Erik_Soderlind_48-1-scaled-416x292.jpg 416w, https:\/\/2021.bossajazzfestival.com\/wp-content\/uploads\/2021\/05\/Erik_Soderlind_48-1-300x211.jpg 300w, https:\/\/2021.bossajazzfestival.com\/wp-content\/uploads\/2021\/05\/Erik_Soderlind_48-1-768x540.jpg 768w, https:\/\/2021.bossajazzfestival.com\/wp-content\/uploads\/2021\/05\/Erik_Soderlind_48-1-1536x1080.jpg 1536w, https:\/\/2021.bossajazzfestival.com\/wp-content\/uploads\/2021\/05\/Erik_Soderlind_48-1-2048x1439.jpg 2048w\" sizes=\"auto, (max-width: 1024px) 100vw, 1024px\" \/><\/figure>\n\n\n\n<pre class=\"wp-block-verse\"><em>Erik S\u00f6derlind will be accompanied by Oskar Suksi and Teemu \u00c5kerblom<\/em><\/pre>\n\n\n\n<p class=\"has-text-align-right\"><strong>Oskar Suksi<\/strong><\/p>\n\n\n\n<div class=\"wp-block-image\"><figure class=\"aligncenter size-large\"><img loading=\"lazy\" decoding=\"async\" width=\"733\" height=\"1024\" src=\"https:\/\/2021.bossajazzfestival.com\/wp-content\/uploads\/2021\/05\/Oskar-Promo-733x1024.jpeg\" alt=\"\" class=\"wp-image-150\" srcset=\"https:\/\/2021.bossajazzfestival.com\/wp-content\/uploads\/2021\/05\/Oskar-Promo-733x1024.jpeg 733w, https:\/\/2021.bossajazzfestival.com\/wp-content\/uploads\/2021\/05\/Oskar-Promo-416x581.jpeg 416w, https:\/\/2021.bossajazzfestival.com\/wp-content\/uploads\/2021\/05\/Oskar-Promo-215x300.jpeg 215w, https:\/\/2021.bossajazzfestival.com\/wp-content\/uploads\/2021\/05\/Oskar-Promo-768x1072.jpeg 768w, https:\/\/2021.bossajazzfestival.com\/wp-content\/uploads\/2021\/05\/Oskar-Promo.jpeg 805w\" sizes=\"auto, (max-width: 733px) 100vw, 733px\" \/><figcaption>Oskar Suksi<\/figcaption><\/figure><\/div>\n\n\n\n<p><\/p>\n\n\n\n<p class=\"has-text-align-right\"><strong>Teemu \u00c5kerblom<\/strong><\/p>\n\n\n\n<div class=\"wp-block-image\"><figure class=\"aligncenter size-large\"><img loading=\"lazy\" decoding=\"async\" width=\"1000\" height=\"1000\" src=\"https:\/\/2021.bossajazzfestival.com\/wp-content\/uploads\/2021\/05\/Teemu-Promo.jpeg\" alt=\"\" class=\"wp-image-152\" srcset=\"https:\/\/2021.bossajazzfestival.com\/wp-content\/uploads\/2021\/05\/Teemu-Promo.jpeg 1000w, https:\/\/2021.bossajazzfestival.com\/wp-content\/uploads\/2021\/05\/Teemu-Promo-324x324.jpeg 324w, https:\/\/2021.bossajazzfestival.com\/wp-content\/uploads\/2021\/05\/Teemu-Promo-100x100.jpeg 100w, https:\/\/2021.bossajazzfestival.com\/wp-content\/uploads\/2021\/05\/Teemu-Promo-416x416.jpeg 416w, https:\/\/2021.bossajazzfestival.com\/wp-content\/uploads\/2021\/05\/Teemu-Promo-300x300.jpeg 300w, https:\/\/2021.bossajazzfestival.com\/wp-content\/uploads\/2021\/05\/Teemu-Promo-150x150.jpeg 150w, https:\/\/2021.bossajazzfestival.com\/wp-content\/uploads\/2021\/05\/Teemu-Promo-768x768.jpeg 768w, https:\/\/2021.bossajazzfestival.com\/wp-content\/uploads\/2021\/05\/Teemu-Promo-640x640.jpeg 640w, https:\/\/2021.bossajazzfestival.com\/wp-content\/uploads\/2021\/05\/Teemu-Promo-960x960.jpeg 960w, https:\/\/2021.bossajazzfestival.com\/wp-content\/uploads\/2021\/05\/Teemu-Promo-140x140.jpeg 140w, https:\/\/2021.bossajazzfestival.com\/wp-content\/uploads\/2021\/05\/Teemu-Promo-50x50.jpeg 50w, https:\/\/2021.bossajazzfestival.com\/wp-content\/uploads\/2021\/05\/Teemu-Promo-666x666.jpeg 666w, https:\/\/2021.bossajazzfestival.com\/wp-content\/uploads\/2021\/05\/Teemu-Promo-80x80.jpeg 80w\" sizes=\"auto, (max-width: 1000px) 100vw, 1000px\" \/><figcaption>Teemu \u00c5kerblom<\/figcaption><\/figure><\/div>\n\n\n\n<p><\/p>\n\n\n\n<p>RUBEM FARIAS QUARTET<\/p>\n\n\n\n<p class=\"has-text-align-right\"><strong>RUBEM FARIAS <\/strong><\/p>\n\n\n\n<figure class=\"wp-block-gallery aligncenter columns-3 is-cropped wp-block-gallery-2 is-layout-flex wp-block-gallery-is-layout-flex\"><ul class=\"blocks-gallery-grid\"><li class=\"blocks-gallery-item\"><figure><img loading=\"lazy\" decoding=\"async\" width=\"1024\" height=\"683\" src=\"https:\/\/2021.bossajazzfestival.com\/wp-content\/uploads\/2021\/05\/Rubem-Farias-1-1-1024x683.jpg\" alt=\"\" data-id=\"123\" data-full-url=\"https:\/\/2021.bossajazzfestival.com\/wp-content\/uploads\/2021\/05\/Rubem-Farias-1-1-scaled.jpg\" data-link=\"https:\/\/2021.bossajazzfestival.com\/?attachment_id=123\" class=\"wp-image-123\" srcset=\"https:\/\/2021.bossajazzfestival.com\/wp-content\/uploads\/2021\/05\/Rubem-Farias-1-1-1024x683.jpg 1024w, https:\/\/2021.bossajazzfestival.com\/wp-content\/uploads\/2021\/05\/Rubem-Farias-1-1-scaled-416x277.jpg 416w, https:\/\/2021.bossajazzfestival.com\/wp-content\/uploads\/2021\/05\/Rubem-Farias-1-1-300x200.jpg 300w, https:\/\/2021.bossajazzfestival.com\/wp-content\/uploads\/2021\/05\/Rubem-Farias-1-1-768x512.jpg 768w, https:\/\/2021.bossajazzfestival.com\/wp-content\/uploads\/2021\/05\/Rubem-Farias-1-1-1536x1024.jpg 1536w, https:\/\/2021.bossajazzfestival.com\/wp-content\/uploads\/2021\/05\/Rubem-Farias-1-1-2048x1365.jpg 2048w\" sizes=\"auto, (max-width: 1024px) 100vw, 1024px\" \/><\/figure><\/li><li class=\"blocks-gallery-item\"><figure><img loading=\"lazy\" decoding=\"async\" width=\"768\" height=\"1024\" src=\"https:\/\/2021.bossajazzfestival.com\/wp-content\/uploads\/2021\/05\/Rubem-Farias-2-1-768x1024.jpg\" alt=\"\" data-id=\"124\" data-full-url=\"https:\/\/2021.bossajazzfestival.com\/wp-content\/uploads\/2021\/05\/Rubem-Farias-2-1-scaled.jpg\" data-link=\"https:\/\/2021.bossajazzfestival.com\/?attachment_id=124\" class=\"wp-image-124\" srcset=\"https:\/\/2021.bossajazzfestival.com\/wp-content\/uploads\/2021\/05\/Rubem-Farias-2-1-768x1024.jpg 768w, https:\/\/2021.bossajazzfestival.com\/wp-content\/uploads\/2021\/05\/Rubem-Farias-2-1-scaled-416x555.jpg 416w, https:\/\/2021.bossajazzfestival.com\/wp-content\/uploads\/2021\/05\/Rubem-Farias-2-1-225x300.jpg 225w, https:\/\/2021.bossajazzfestival.com\/wp-content\/uploads\/2021\/05\/Rubem-Farias-2-1-1152x1536.jpg 1152w, https:\/\/2021.bossajazzfestival.com\/wp-content\/uploads\/2021\/05\/Rubem-Farias-2-1-1536x2048.jpg 1536w, https:\/\/2021.bossajazzfestival.com\/wp-content\/uploads\/2021\/05\/Rubem-Farias-2-1-scaled.jpg 1920w\" sizes=\"auto, (max-width: 768px) 100vw, 768px\" \/><\/figure><\/li><li class=\"blocks-gallery-item\"><figure><img loading=\"lazy\" decoding=\"async\" width=\"1024\" height=\"683\" src=\"https:\/\/2021.bossajazzfestival.com\/wp-content\/uploads\/2021\/05\/Rubem-Farias-3-1-1024x683.jpg\" alt=\"\" data-id=\"125\" data-full-url=\"https:\/\/2021.bossajazzfestival.com\/wp-content\/uploads\/2021\/05\/Rubem-Farias-3-1-scaled.jpg\" data-link=\"https:\/\/2021.bossajazzfestival.com\/?attachment_id=125\" class=\"wp-image-125\" srcset=\"https:\/\/2021.bossajazzfestival.com\/wp-content\/uploads\/2021\/05\/Rubem-Farias-3-1-1024x683.jpg 1024w, https:\/\/2021.bossajazzfestival.com\/wp-content\/uploads\/2021\/05\/Rubem-Farias-3-1-scaled-416x277.jpg 416w, https:\/\/2021.bossajazzfestival.com\/wp-content\/uploads\/2021\/05\/Rubem-Farias-3-1-300x200.jpg 300w, https:\/\/2021.bossajazzfestival.com\/wp-content\/uploads\/2021\/05\/Rubem-Farias-3-1-768x512.jpg 768w, https:\/\/2021.bossajazzfestival.com\/wp-content\/uploads\/2021\/05\/Rubem-Farias-3-1-1536x1024.jpg 1536w, https:\/\/2021.bossajazzfestival.com\/wp-content\/uploads\/2021\/05\/Rubem-Farias-3-1-2048x1365.jpg 2048w\" sizes=\"auto, (max-width: 1024px) 100vw, 1024px\" \/><\/figure><\/li><li class=\"blocks-gallery-item\"><figure><img loading=\"lazy\" decoding=\"async\" width=\"1024\" height=\"683\" src=\"https:\/\/2021.bossajazzfestival.com\/wp-content\/uploads\/2021\/05\/Rubem-Farias-4-1-1024x683.jpg\" alt=\"\" data-id=\"126\" data-full-url=\"https:\/\/2021.bossajazzfestival.com\/wp-content\/uploads\/2021\/05\/Rubem-Farias-4-1-scaled.jpg\" data-link=\"https:\/\/2021.bossajazzfestival.com\/?attachment_id=126\" class=\"wp-image-126\" srcset=\"https:\/\/2021.bossajazzfestival.com\/wp-content\/uploads\/2021\/05\/Rubem-Farias-4-1-1024x683.jpg 1024w, https:\/\/2021.bossajazzfestival.com\/wp-content\/uploads\/2021\/05\/Rubem-Farias-4-1-scaled-416x277.jpg 416w, https:\/\/2021.bossajazzfestival.com\/wp-content\/uploads\/2021\/05\/Rubem-Farias-4-1-300x200.jpg 300w, https:\/\/2021.bossajazzfestival.com\/wp-content\/uploads\/2021\/05\/Rubem-Farias-4-1-768x512.jpg 768w, https:\/\/2021.bossajazzfestival.com\/wp-content\/uploads\/2021\/05\/Rubem-Farias-4-1-1536x1024.jpg 1536w, https:\/\/2021.bossajazzfestival.com\/wp-content\/uploads\/2021\/05\/Rubem-Farias-4-1-2048x1365.jpg 2048w\" sizes=\"auto, (max-width: 1024px) 100vw, 1024px\" \/><\/figure><\/li><li class=\"blocks-gallery-item\"><figure><img loading=\"lazy\" decoding=\"async\" width=\"1024\" height=\"683\" src=\"https:\/\/2021.bossajazzfestival.com\/wp-content\/uploads\/2021\/05\/Rubem-Farias-5-1024x683.jpg\" alt=\"\" data-id=\"127\" data-full-url=\"https:\/\/2021.bossajazzfestival.com\/wp-content\/uploads\/2021\/05\/Rubem-Farias-5-scaled.jpg\" data-link=\"https:\/\/2021.bossajazzfestival.com\/?attachment_id=127\" class=\"wp-image-127\" srcset=\"https:\/\/2021.bossajazzfestival.com\/wp-content\/uploads\/2021\/05\/Rubem-Farias-5-1024x683.jpg 1024w, https:\/\/2021.bossajazzfestival.com\/wp-content\/uploads\/2021\/05\/Rubem-Farias-5-scaled-416x277.jpg 416w, https:\/\/2021.bossajazzfestival.com\/wp-content\/uploads\/2021\/05\/Rubem-Farias-5-300x200.jpg 300w, https:\/\/2021.bossajazzfestival.com\/wp-content\/uploads\/2021\/05\/Rubem-Farias-5-768x512.jpg 768w, https:\/\/2021.bossajazzfestival.com\/wp-content\/uploads\/2021\/05\/Rubem-Farias-5-1536x1024.jpg 1536w, https:\/\/2021.bossajazzfestival.com\/wp-content\/uploads\/2021\/05\/Rubem-Farias-5-2048x1365.jpg 2048w\" sizes=\"auto, (max-width: 1024px) 100vw, 1024px\" \/><\/figure><\/li><\/ul><figcaption class=\"blocks-gallery-caption\">Rubem Farias<\/figcaption><\/figure>\n\n\n\n<p class=\"has-text-align-right\">ROB DOMINIS<\/p>\n\n\n\n<figure class=\"wp-block-image size-large\"><img loading=\"lazy\" decoding=\"async\" width=\"703\" height=\"1024\" src=\"https:\/\/2021.bossajazzfestival.com\/wp-content\/uploads\/2021\/05\/DSC_5391-1-703x1024.jpg\" alt=\"\" class=\"wp-image-151\" srcset=\"https:\/\/2021.bossajazzfestival.com\/wp-content\/uploads\/2021\/05\/DSC_5391-1-703x1024.jpg 703w, https:\/\/2021.bossajazzfestival.com\/wp-content\/uploads\/2021\/05\/DSC_5391-1-scaled-416x606.jpg 416w, https:\/\/2021.bossajazzfestival.com\/wp-content\/uploads\/2021\/05\/DSC_5391-1-206x300.jpg 206w, https:\/\/2021.bossajazzfestival.com\/wp-content\/uploads\/2021\/05\/DSC_5391-1-768x1118.jpg 768w, https:\/\/2021.bossajazzfestival.com\/wp-content\/uploads\/2021\/05\/DSC_5391-1-1055x1536.jpg 1055w, https:\/\/2021.bossajazzfestival.com\/wp-content\/uploads\/2021\/05\/DSC_5391-1-1406x2048.jpg 1406w, https:\/\/2021.bossajazzfestival.com\/wp-content\/uploads\/2021\/05\/DSC_5391-1-scaled.jpg 1758w\" sizes=\"auto, (max-width: 703px) 100vw, 703px\" \/><figcaption>Rob Dominis<\/figcaption><\/figure>\n\n\n\n<p class=\"has-text-align-right\"><strong>MANUEL DUNKEL<\/strong><\/p>\n\n\n\n<p><\/p>\n\n\n\n<p>LOS \u00c5BOS<\/p>\n\n\n\n<figure class=\"wp-block-gallery columns-3 is-cropped wp-block-gallery-3 is-layout-flex wp-block-gallery-is-layout-flex\"><ul class=\"blocks-gallery-grid\"><li class=\"blocks-gallery-item\"><figure><img loading=\"lazy\" decoding=\"async\" width=\"1024\" height=\"684\" src=\"https:\/\/2021.bossajazzfestival.com\/wp-content\/uploads\/2021\/05\/Los-Abos-1-1-1024x684.jpg\" alt=\"\" data-id=\"134\" data-full-url=\"https:\/\/2021.bossajazzfestival.com\/wp-content\/uploads\/2021\/05\/Los-Abos-1-1-scaled.jpg\" data-link=\"https:\/\/2021.bossajazzfestival.com\/?attachment_id=134\" class=\"wp-image-134\" srcset=\"https:\/\/2021.bossajazzfestival.com\/wp-content\/uploads\/2021\/05\/Los-Abos-1-1-1024x684.jpg 1024w, https:\/\/2021.bossajazzfestival.com\/wp-content\/uploads\/2021\/05\/Los-Abos-1-1-scaled-416x278.jpg 416w, https:\/\/2021.bossajazzfestival.com\/wp-content\/uploads\/2021\/05\/Los-Abos-1-1-300x200.jpg 300w, https:\/\/2021.bossajazzfestival.com\/wp-content\/uploads\/2021\/05\/Los-Abos-1-1-768x513.jpg 768w, https:\/\/2021.bossajazzfestival.com\/wp-content\/uploads\/2021\/05\/Los-Abos-1-1-1536x1025.jpg 1536w, https:\/\/2021.bossajazzfestival.com\/wp-content\/uploads\/2021\/05\/Los-Abos-1-1-2048x1367.jpg 2048w\" sizes=\"auto, (max-width: 1024px) 100vw, 1024px\" \/><figcaption class=\"blocks-gallery-item__caption\">LOS \u00c5BOS<\/figcaption><\/figure><\/li><li class=\"blocks-gallery-item\"><figure><img loading=\"lazy\" decoding=\"async\" width=\"1024\" height=\"768\" src=\"https:\/\/2021.bossajazzfestival.com\/wp-content\/uploads\/2021\/05\/Los-Abos-summer-1024x768.jpg\" alt=\"\" data-id=\"135\" data-full-url=\"https:\/\/2021.bossajazzfestival.com\/wp-content\/uploads\/2021\/05\/Los-Abos-summer-scaled.jpg\" data-link=\"https:\/\/2021.bossajazzfestival.com\/?attachment_id=135\" class=\"wp-image-135\" srcset=\"https:\/\/2021.bossajazzfestival.com\/wp-content\/uploads\/2021\/05\/Los-Abos-summer-1024x768.jpg 1024w, https:\/\/2021.bossajazzfestival.com\/wp-content\/uploads\/2021\/05\/Los-Abos-summer-scaled-416x312.jpg 416w, https:\/\/2021.bossajazzfestival.com\/wp-content\/uploads\/2021\/05\/Los-Abos-summer-300x225.jpg 300w, https:\/\/2021.bossajazzfestival.com\/wp-content\/uploads\/2021\/05\/Los-Abos-summer-768x576.jpg 768w, https:\/\/2021.bossajazzfestival.com\/wp-content\/uploads\/2021\/05\/Los-Abos-summer-1536x1152.jpg 1536w, https:\/\/2021.bossajazzfestival.com\/wp-content\/uploads\/2021\/05\/Los-Abos-summer-2048x1536.jpg 2048w, https:\/\/2021.bossajazzfestival.com\/wp-content\/uploads\/2021\/05\/Los-Abos-summer-124x93.jpg 124w\" sizes=\"auto, (max-width: 1024px) 100vw, 1024px\" \/><figcaption class=\"blocks-gallery-item__caption\">LOS \u00c5BOS<\/figcaption><\/figure><\/li><li class=\"blocks-gallery-item\"><figure><img loading=\"lazy\" decoding=\"async\" width=\"1024\" height=\"683\" src=\"https:\/\/2021.bossajazzfestival.com\/wp-content\/uploads\/2021\/05\/R0001121-1-1024x683.jpg\" alt=\"\" data-id=\"136\" data-full-url=\"https:\/\/2021.bossajazzfestival.com\/wp-content\/uploads\/2021\/05\/R0001121-1-scaled.jpg\" data-link=\"https:\/\/2021.bossajazzfestival.com\/?attachment_id=136\" class=\"wp-image-136\" srcset=\"https:\/\/2021.bossajazzfestival.com\/wp-content\/uploads\/2021\/05\/R0001121-1-1024x683.jpg 1024w, https:\/\/2021.bossajazzfestival.com\/wp-content\/uploads\/2021\/05\/R0001121-1-scaled-416x277.jpg 416w, https:\/\/2021.bossajazzfestival.com\/wp-content\/uploads\/2021\/05\/R0001121-1-300x200.jpg 300w, https:\/\/2021.bossajazzfestival.com\/wp-content\/uploads\/2021\/05\/R0001121-1-768x512.jpg 768w, https:\/\/2021.bossajazzfestival.com\/wp-content\/uploads\/2021\/05\/R0001121-1-1536x1024.jpg 1536w, https:\/\/2021.bossajazzfestival.com\/wp-content\/uploads\/2021\/05\/R0001121-1-2048x1366.jpg 2048w\" sizes=\"auto, (max-width: 1024px) 100vw, 1024px\" \/><figcaption class=\"blocks-gallery-item__caption\">LOS \u00c5BOS<\/figcaption><\/figure><\/li><\/ul><\/figure>\n\n\n\n<p>Caliente&#8230;<\/p>\n","protected":false},"excerpt":{"rendered":"<p>SAMBA DE VANNESLUOMA, M\u00c4ENSIVU &amp; LEPE TRIO ERIK S\u00d6DERLIND TRIO Erik S\u00f6derlind will be accompanied by Oskar Suksi and Teemu \u00c5kerblom Oskar Suksi Teemu \u00c5kerblom RUBEM FARIAS QUARTET RUBEM FARIAS<\/p>\n<p class=\"more-link\"><a href=\"https:\/\/2021.bossajazzfestival.com\/?page_id=114\" class=\"readmore\">Continue reading<svg class=\"icon icon-arrow-right\" aria-hidden=\"true\" role=\"img\"> <use href=\"#icon-arrow-right\" xlink:href=\"#icon-arrow-right\"><\/use> <\/svg><span class=\"screen-reader-text\">Bossa jazz 2021<\/span><\/a><\/p>\n","protected":false},"author":1,"featured_media":0,"parent":0,"menu_order":0,"comment_status":"closed","ping_status":"closed","template":"","meta":{"_ti_tpc_template_sync":false,"_ti_tpc_template_id":"","spay_email":"","footnotes":""},"class_list":["post-114","page","type-page","status-publish","hentry"],"_links":{"self":[{"href":"https:\/\/2021.bossajazzfestival.com\/index.php?rest_route=\/wp\/v2\/pages\/114","targetHints":{"allow":["GET"]}}],"collection":[{"href":"https:\/\/2021.bossajazzfestival.com\/index.php?rest_route=\/wp\/v2\/pages"}],"about":[{"href":"https:\/\/2021.bossajazzfestival.com\/index.php?rest_route=\/wp\/v2\/types\/page"}],"author":[{"embeddable":true,"href":"https:\/\/2021.bossajazzfestival.com\/index.php?rest_route=\/wp\/v2\/users\/1"}],"replies":[{"embeddable":true,"href":"https:\/\/2021.bossajazzfestival.com\/index.php?rest_route=%2Fwp%2Fv2%2Fcomments&post=114"}],"version-history":[{"count":18,"href":"https:\/\/2021.bossajazzfestival.com\/index.php?rest_route=\/wp\/v2\/pages\/114\/revisions"}],"predecessor-version":[{"id":169,"href":"https:\/\/2021.bossajazzfestival.com\/index.php?rest_route=\/wp\/v2\/pages\/114\/revisions\/169"}],"wp:attachment":[{"href":"https:\/\/2021.bossajazzfestival.com\/index.php?rest_route=%2Fwp%2Fv2%2Fmedia&parent=114"}],"curies":[{"name":"wp","href":"https:\/\/api.w.org\/{rel}","templated":true}]}}